{"id":6,"date":"2020-10-27T16:56:40","date_gmt":"2020-10-27T16:56:40","guid":{"rendered":"https:\/\/infinitocultural.com.br\/?page_id=6"},"modified":"2021-04-21T10:55:21","modified_gmt":"2021-04-21T10:55:21","slug":"home","status":"publish","type":"page","link":"https:\/\/infinitocultural.com.br\/","title":{"rendered":"Home"},"content":{"rendered":"\n<h1>\n\t\tO que vamos fazemos por Voc\u00ea!\n\t<\/h1>\n\t<p>Vamos ajudar te apoiando em toda jornada dos projetos incentivados.<\/p>\n<p>A gente sabe que as estruturas nas empresas est\u00e3o cada vez mais enxutas e o volume de trabalho cada vez maior, e com voc\u00ea n\u00e3o deve ser diferente. Por isso, estaremos sempre a sua disposi\u00e7\u00e3o como um bra\u00e7o estrat\u00e9gico e operacional das leis de incentivo fiscal.<\/p>\n<h1>\n\t\tComo a gente trabalha\n\t<\/h1>\n\t<p>1 &#8211; Somos uma ag\u00eancia especializada em leis de incentivo fiscal nas esferas Federal, Estadual e Municipal.<\/p>\n<p>2 &#8211; Trabalhamos desde 2006 com projetos culturais, sociais e esportivos, atrav\u00e9s de dedu\u00e7\u00e3o fiscal.<\/p>\n<p>3 &#8211; Ajudamos na parte estrat\u00e9gica e tamb\u00e9m na sele\u00e7\u00e3o e opera\u00e7\u00e3o de projetos alinhados aos pilares das empresas.<\/p>\n<p>4 &#8211; Entendemos que cada empresa tem um foco diferente no uso das leis de incentivo fiscal: exposi\u00e7\u00e3o de marca, relacionamento, a\u00e7\u00f5es junto a minorias espec\u00edficas, cunho social, meio ambiente, etc.<\/p>\n<p>5 &#8211; O nosso forte \u00e9 pensar e desenvolver propostas<i>&nbsp;tailor<\/i><i>&nbsp;made<\/i>, saindo do lugar comum.&nbsp;<\/p>\n<h2>\n\t\tHeading mauris blandit aliquet elit\n\t<\/h2>\n\t<p>Quisque velit nisi, pretium ut lacinia in, elementum id enim. Curabitur non nulla sit amet nisl tempus convallis quis ac lectus. Proin eget tortor risus.<\/p>\n\t\t\t\t<img decoding=\"async\" src=\"https:\/\/lite.demos.wpbeaverbuilder.com\/wp-content\/uploads\/sites\/28\/2020\/02\/headway-5QgIuuBxKwM-unsplash-768x768-1.jpg\" alt=\"\" itemprop=\"image\" onerror=\"this.style.display='none'\">\n\t<p>Quisque velit nisi, pretium ut lacinia in, elementum id enim.<\/p>\n<p><a href=\"#\">Learn more<\/a><\/p>\n\t\t\t\t<img decoding=\"async\" src=\"https:\/\/lite.demos.wpbeaverbuilder.com\/wp-content\/uploads\/sites\/28\/2020\/02\/field-notes-768x768-1.jpg\" alt=\"\" itemprop=\"image\" onerror=\"this.style.display='none'\">\n\t<p>Quisque velit nisi, pretium ut lacinia in, elementum id enim.<\/p>\n<p><a href=\"#\">Learn more<\/a><\/p>\n\t\t\t\t<img decoding=\"async\" src=\"https:\/\/lite.demos.wpbeaverbuilder.com\/wp-content\/uploads\/sites\/28\/2020\/02\/photo-1529119368496-2dfda6ec2804-768x768-1.jpg\" alt=\"\" itemprop=\"image\" onerror=\"this.style.display='none'\">\n\t<p>Quisque velit nisi, pretium ut lacinia in, elementum id enim.<\/p>\n<p><a href=\"#\">Learn more<\/a><\/p>\n<h2>\n\t\tCall to action lorem ispum\n\t<\/h2>\n\t<p>Quisque velit nisi, pretium ut lacinia in, elementum id enim. Curabitur non nulla sit amet nisl tempus convallis lorem ipsum doror quis ac lectus. Proin eget tortor risus.<\/p>\n\t\t\t<a href=\"\" target=\"_self\" role=\"button\" rel=\"noopener noreferrer\">\n\t\t\t\t\t\t\tPrimary button\n\t\t\t<\/a>\n\t\t\t\t<img decoding=\"async\" src=\"https:\/\/lite.demos.wpbeaverbuilder.com\/wp-content\/uploads\/sites\/28\/2020\/02\/office.jpg\" alt=\"\" itemprop=\"image\" onerror=\"this.style.display='none'\">\n<h2>\n\t\tHeading about company\n\t<\/h2>\n\t<p>Quisque commodo id mi non porttitor. Aenean sapien eros, commodo in lectus eu, auctor pretium diam. Mauris non orci quis est hendrerit laoreet id eget purus. Vivamus id ex non urna pulvinar consequat. Convallis a pellentesque nec, egestas non nisi.<\/p>\n\t\t\t<a href=\"\" target=\"_self\" role=\"button\" rel=\"noopener noreferrer\">\n\t\t\t\t\t\t\tLearn more\n\t\t\t<\/a>\n<h2>\n\t\tTestimonials\n\t<\/h2>\n\t<p>Vivamus magna justo, lacinia eget consectetur sed, convallis at tellus. Praesent sapien massa, convallis a pellentesque nec, egestas non nisi. Curabitur aliquet quam id dui posuere blandit Cras ultricies ligula sed magna dictum porta.<\/p>\n\t\t\t\t<img decoding=\"async\" src=\"https:\/\/lite.demos.wpbeaverbuilder.com\/wp-content\/uploads\/sites\/28\/2020\/02\/photo-1558403194-611308249627-1-768x768-4.jpg\" alt=\"\" itemprop=\"image\" onerror=\"this.style.display='none'\">\n\t<p><strong>Vivamus magna<br><\/strong>Lacinia eget<\/p>\n\t<p>Vivamus magna justo, lacinia eget consectetur sed, convallis at tellus. Praesent sapien massa, convallis a pellentesque nec, egestas non nisi. Curabitur aliquet quam id dui posuere blandit Cras ultricies ligula sed magna dictum porta.<\/p>\n\t\t\t\t<img decoding=\"async\" src=\"https:\/\/lite.demos.wpbeaverbuilder.com\/wp-content\/uploads\/sites\/28\/2020\/02\/photo-1552664730-d307ca884978-768x768-4.jpg\" alt=\"\" itemprop=\"image\" onerror=\"this.style.display='none'\">\n\t<p><strong>Vivamus magna<br><\/strong>Lacinia eget<\/p>\n\t\t\t\t<img decoding=\"async\" src=\"https:\/\/lite.demos.wpbeaverbuilder.com\/wp-content\/uploads\/sites\/28\/2020\/02\/logo-mountain-dams.png\" alt=\"\" itemprop=\"image\" onerror=\"this.style.display='none'\">\n\t\t\t\t<img decoding=\"async\" src=\"https:\/\/lite.demos.wpbeaverbuilder.com\/wp-content\/uploads\/sites\/28\/2020\/02\/logo-jett-3.png\" alt=\"\" itemprop=\"image\" onerror=\"this.style.display='none'\">\n\t\t\t\t<img decoding=\"async\" src=\"https:\/\/lite.demos.wpbeaverbuilder.com\/wp-content\/uploads\/sites\/28\/2020\/02\/logo-youngs-coffee-1.png\" alt=\"\" itemprop=\"image\" onerror=\"this.style.display='none'\">\n\t\t\t\t<img decoding=\"async\" src=\"https:\/\/lite.demos.wpbeaverbuilder.com\/wp-content\/uploads\/sites\/28\/2020\/02\/logo-travel-7.png\" alt=\"\" itemprop=\"image\" onerror=\"this.style.display='none'\">\n\t\t\t\t<img decoding=\"async\" src=\"https:\/\/lite.demos.wpbeaverbuilder.com\/wp-content\/uploads\/sites\/28\/2020\/02\/logo-justin-3.png\" alt=\"\" itemprop=\"image\" onerror=\"this.style.display='none'\">\n\t\t\t\t<img decoding=\"async\" src=\"https:\/\/lite.demos.wpbeaverbuilder.com\/wp-content\/uploads\/sites\/28\/2020\/02\/logo-atr.png\" alt=\"\" itemprop=\"image\" onerror=\"this.style.display='none'\">\n<h2>\n\t\tNeed help? Book a call at a time to suit you\n\t<\/h2>\n\t<p>Quisque velit nisi, pretium ut lacinia in, elementum id enim. Curabitur non nulla sit amet nisl tempus convallis quis ac lectus. Proin eget tortor risus.<\/p>\n\t\t\t<a href=\"\" target=\"_self\" role=\"button\" rel=\"noopener noreferrer\">\n\t\t\t\t\t\t\tBook an appointment\n\t\t\t<\/a>\n","protected":false},"excerpt":{"rendered":"<p>O que vamos fazemos por Voc\u00ea! Vamos ajudar te apoiando em toda jornada dos projetos incentivados. A gente sabe que as estruturas nas empresas est\u00e3o cada vez mais enxutas e o volume de trabalho cada vez maior, e com voc\u00ea n\u00e3o deve ser diferente. Por isso, estaremos sempre a sua [&hellip;]<\/p>\n","protected":false},"author":1,"featured_media":0,"parent":0,"menu_order":0,"comment_status":"closed","ping_status":"closed","template":"page-templates\/template-home-widgets.php","meta":{"footnotes":""},"class_list":["post-6","page","type-page","status-publish","hentry"],"_links":{"self":[{"href":"https:\/\/infinitocultural.com.br\/index.php?rest_route=\/wp\/v2\/pages\/6","targetHints":{"allow":["GET"]}}],"collection":[{"href":"https:\/\/infinitocultural.com.br\/index.php?rest_route=\/wp\/v2\/pages"}],"about":[{"href":"https:\/\/infinitocultural.com.br\/index.php?rest_route=\/wp\/v2\/types\/page"}],"author":[{"embeddable":true,"href":"https:\/\/infinitocultural.com.br\/index.php?rest_route=\/wp\/v2\/users\/1"}],"replies":[{"embeddable":true,"href":"https:\/\/infinitocultural.com.br\/index.php?rest_route=%2Fwp%2Fv2%2Fcomments&post=6"}],"version-history":[{"count":7,"href":"https:\/\/infinitocultural.com.br\/index.php?rest_route=\/wp\/v2\/pages\/6\/revisions"}],"predecessor-version":[{"id":62,"href":"https:\/\/infinitocultural.com.br\/index.php?rest_route=\/wp\/v2\/pages\/6\/revisions\/62"}],"wp:attachment":[{"href":"https:\/\/infinitocultural.com.br\/index.php?rest_route=%2Fwp%2Fv2%2Fmedia&parent=6"}],"curies":[{"name":"wp","href":"https:\/\/api.w.org\/{rel}","templated":true}]}}